{"id":70,"date":"2024-08-28T17:54:14","date_gmt":"2024-08-28T16:54:14","guid":{"rendered":"http:\/\/orator.si\/?page_id=70"},"modified":"2024-08-29T19:17:45","modified_gmt":"2024-08-29T18:17:45","slug":"izkaznica","status":"publish","type":"page","link":"https:\/\/orator.si\/index.php\/izkaznica\/","title":{"rendered":"Izkaznica"},"content":{"rendered":"<p><img loading=\"lazy\" decoding=\"async\" class=\"aligncenter wp-image-121 size-large\" src=\"http:\/\/orator.si\/wp-content\/uploads\/2024\/08\/Matic-Ferlan-1024x666.jpg\" alt=\"\" width=\"1024\" height=\"666\" srcset=\"https:\/\/orator.si\/wp-content\/uploads\/2024\/08\/Matic-Ferlan-1024x666.jpg 1024w, https:\/\/orator.si\/wp-content\/uploads\/2024\/08\/Matic-Ferlan-300x195.jpg 300w, https:\/\/orator.si\/wp-content\/uploads\/2024\/08\/Matic-Ferlan-768x500.jpg 768w, https:\/\/orator.si\/wp-content\/uploads\/2024\/08\/Matic-Ferlan.jpg 1460w\" sizes=\"auto, (max-width: 1024px) 100vw, 1024px\" \/><\/p>\n<p style=\"text-align: justify;\">Platforma orator.si je nastala kot spletna mikrolokacija mojih intervjujev z uredniki avdio portalov za izgovorjavo sloven\u0161\u010dine, ki sem jih opravil v sklopu svoje magistrske naloge na Akademiji za gledali\u0161\u010de, radio, film in televizijo. Namen tega spletnega vogala je, da nanj odlagam raznorazne zapiske o jeziku. Filozofska fakulteta me je z jezikom spe\u010dala, Radio Slovenija me je zanj navdu\u0161il, na AGRFT pa sem se vanj zaljubil. Zanima me predvsem govor, s poudarkom na pravore\u010dju, nikakor pa si ne postavljam ograj. Naj bo to mesto nepretenciozna in spontana dogodiv\u0161\u010dina. Za karkoli pa me najde\u0161 na matic@orator.si.<\/p>\n<p>&nbsp;<\/p>\n<p style=\"text-align: right;\">Matic Ferlan<\/p>\n","protected":false},"excerpt":{"rendered":"<p>Platforma orator.si je nastala kot spletna mikrolokacija mojih intervjujev z uredniki avdio portalov za izgovorjavo sloven\u0161\u010dine, ki sem jih opravil v sklopu svoje magistrske naloge na Akademiji za gledali\u0161\u010de, radio, film in televizijo. Namen tega spletnega vogala je, da nanj odlagam raznorazne zapiske o jeziku. Filozofska fakulteta me je z jezikom spe\u010dala, Radio Slovenija me [&hellip;]<\/p>\n","protected":false},"author":1,"featured_media":0,"parent":0,"menu_order":0,"comment_status":"closed","ping_status":"closed","template":"","meta":{"footnotes":""},"class_list":["post-70","page","type-page","status-publish","hentry"],"_links":{"self":[{"href":"https:\/\/orator.si\/index.php\/wp-json\/wp\/v2\/pages\/70","targetHints":{"allow":["GET"]}}],"collection":[{"href":"https:\/\/orator.si\/index.php\/wp-json\/wp\/v2\/pages"}],"about":[{"href":"https:\/\/orator.si\/index.php\/wp-json\/wp\/v2\/types\/page"}],"author":[{"embeddable":true,"href":"https:\/\/orator.si\/index.php\/wp-json\/wp\/v2\/users\/1"}],"replies":[{"embeddable":true,"href":"https:\/\/orator.si\/index.php\/wp-json\/wp\/v2\/comments?post=70"}],"version-history":[{"count":3,"href":"https:\/\/orator.si\/index.php\/wp-json\/wp\/v2\/pages\/70\/revisions"}],"predecessor-version":[{"id":128,"href":"https:\/\/orator.si\/index.php\/wp-json\/wp\/v2\/pages\/70\/revisions\/128"}],"wp:attachment":[{"href":"https:\/\/orator.si\/index.php\/wp-json\/wp\/v2\/media?parent=70"}],"curies":[{"name":"wp","href":"https:\/\/api.w.org\/{rel}","templated":true}]}}